{"id":2874,"date":"2023-04-11T10:47:35","date_gmt":"2023-04-11T07:47:35","guid":{"rendered":"http:\/\/sko-paivat.fi\/?page_id=2874"},"modified":"2026-04-01T11:50:31","modified_gmt":"2026-04-01T08:50:31","slug":"sko-paivat-tulevat-taas","status":"publish","type":"page","link":"https:\/\/sko-paivat.fi\/","title":{"rendered":"SKO 80 vuotta \u00a0\u2013 Yhdess\u00e4 kohti huomista"},"content":{"rendered":"\n<figure class=\"wp-block-image size-large is-resized\"><img loading=\"lazy\" decoding=\"async\" width=\"1024\" height=\"603\" src=\"http:\/\/sko-paivat.fi\/wp-content\/uploads\/2026\/01\/Logo-80v-1024x603.jpg\" alt=\"\" class=\"wp-image-3340\" style=\"aspect-ratio:1.6982379776503578;width:222px;height:auto\"\/><\/figure>\n\n\n\n<h2 class=\"wp-block-heading\">SKO-p\u00e4iv\u00e4t Tallinnassa 17.-19.4.2026<\/h2>\n\n\n\n<figure class=\"wp-block-image size-large\"><img loading=\"lazy\" decoding=\"async\" width=\"1024\" height=\"683\" src=\"http:\/\/sko-paivat.fi\/wp-content\/uploads\/2025\/01\/SKO-paivat-10411-1024x683.jpg\" alt=\"SKO-p\u00e4iv\u00e4t\" class=\"wp-image-3201\" srcset=\"https:\/\/sko-paivat.fi\/wp-content\/uploads\/2025\/01\/SKO-paivat-10411-1024x683.jpg 1024w, https:\/\/sko-paivat.fi\/wp-content\/uploads\/2025\/01\/SKO-paivat-10411-300x200.jpg 300w, https:\/\/sko-paivat.fi\/wp-content\/uploads\/2025\/01\/SKO-paivat-10411-1536x1024.jpg 1536w, https:\/\/sko-paivat.fi\/wp-content\/uploads\/2025\/01\/SKO-paivat-10411-2048x1366.jpg 2048w\" sizes=\"auto, (max-width: 1024px) 100vw, 1024px\" \/><\/figure>\n\n\n\n<p>Tervetuloa viett\u00e4m\u00e4\u00e4n SKO-koulutusp\u00e4ivi\u00e4 ja SKO ry:n 80-vuotisjuhlaa Tallinnaan. Tarjolla tulee olemaan monipuolisesti koulutusta, kulttuuriohjelmaa ja&nbsp;verkostoitumista. Ota mukaan my\u00f6s SKOlainen kaverisi!<\/p>\n\n\n\n<p>SKO-koulutusp\u00e4ivien omavastuu j\u00e4senelle on 142 euroa. Koulutuspaketti sis\u00e4lt\u00e4\u00e4 laivamatkat Helsinki-Tallinna-Helsinki, bussikuljetukset hotellin ja sataman v\u00e4lill\u00e4, majoituksen jaetussa kahden hengen huoneessa, laadukkaan ohjelman ja kaikki ohjelmassa mainitut ruokailut.<\/p>\n\n\n\n<p><\/p>\n\n\n\n<p><\/p>\n\n\n\n<div class=\"wp-block-columns is-layout-flex wp-container-core-columns-is-layout-9d6595d7 wp-block-columns-is-layout-flex\">\n<div class=\"wp-block-column is-layout-flow wp-block-column-is-layout-flow\" style=\"flex-basis:33.33%\"><\/div>\n\n\n\n<div class=\"wp-block-column is-layout-flow wp-block-column-is-layout-flow\" style=\"flex-basis:66.66%\"><\/div>\n<\/div>\n\n\n\n<p><\/p>\n","protected":false},"excerpt":{"rendered":"<p>SKO-p\u00e4iv\u00e4t Tallinnassa 17.-19.4.2026 Tervetuloa viett\u00e4m\u00e4\u00e4n SKO-koulutusp\u00e4ivi\u00e4 ja SKO ry:n 80-vuotisjuhlaa Tallinnaan. Tarjolla tulee olemaan monipuolisesti koulutusta, kulttuuriohjelmaa ja&nbsp;verkostoitumista. Ota mukaan my\u00f6s SKOlainen kaverisi! SKO-koulutusp\u00e4ivien omavastuu j\u00e4senelle on 142 euroa. Koulutuspaketti sis\u00e4lt\u00e4\u00e4 laivamatkat Helsinki-Tallinna-Helsinki, bussikuljetukset hotellin ja sataman v\u00e4lill\u00e4, majoituksen jaetussa kahden hengen huoneessa, laadukkaan ohjelman ja kaikki ohjelmassa mainitut ruokailut.<\/p>\n","protected":false},"author":1,"featured_media":0,"parent":0,"menu_order":0,"comment_status":"closed","ping_status":"closed","template":"","meta":{"footnotes":""},"class_list":["post-2874","page","type-page","status-publish","hentry"],"jetpack_sharing_enabled":true,"_links":{"self":[{"href":"https:\/\/sko-paivat.fi\/index.php?rest_route=\/wp\/v2\/pages\/2874","targetHints":{"allow":["GET"]}}],"collection":[{"href":"https:\/\/sko-paivat.fi\/index.php?rest_route=\/wp\/v2\/pages"}],"about":[{"href":"https:\/\/sko-paivat.fi\/index.php?rest_route=\/wp\/v2\/types\/page"}],"author":[{"embeddable":true,"href":"https:\/\/sko-paivat.fi\/index.php?rest_route=\/wp\/v2\/users\/1"}],"replies":[{"embeddable":true,"href":"https:\/\/sko-paivat.fi\/index.php?rest_route=%2Fwp%2Fv2%2Fcomments&post=2874"}],"version-history":[{"count":37,"href":"https:\/\/sko-paivat.fi\/index.php?rest_route=\/wp\/v2\/pages\/2874\/revisions"}],"predecessor-version":[{"id":3360,"href":"https:\/\/sko-paivat.fi\/index.php?rest_route=\/wp\/v2\/pages\/2874\/revisions\/3360"}],"wp:attachment":[{"href":"https:\/\/sko-paivat.fi\/index.php?rest_route=%2Fwp%2Fv2%2Fmedia&parent=2874"}],"curies":[{"name":"wp","href":"https:\/\/api.w.org\/{rel}","templated":true}]}}